{"id":100286,"date":"2023-06-06T19:29:26","date_gmt":"2023-06-06T19:29:26","guid":{"rendered":"https:\/\/wecsro.com\/?page_id=100286"},"modified":"2024-05-13T01:21:41","modified_gmt":"2024-05-13T01:21:41","slug":"privacy","status":"publish","type":"page","link":"https:\/\/wecsro.com\/cs\/privacy\/","title":{"rendered":"Privacy"},"content":{"rendered":"<p>[et_pb_section fb_built=&#8221;1&#8243; _builder_version=&#8221;4.21.0&#8243; _module_preset=&#8221;default&#8221; global_colors_info=&#8221;{}&#8221;][et_pb_row _builder_version=&#8221;4.21.0&#8243; _module_preset=&#8221;default&#8221; global_colors_info=&#8221;{}&#8221;][et_pb_column type=&#8221;4_4&#8243; _builder_version=&#8221;4.21.0&#8243; _module_preset=&#8221;default&#8221; global_colors_info=&#8221;{}&#8221;][et_pb_text _builder_version=&#8221;4.25.1&#8243; _module_preset=&#8221;default&#8221; text_font_size=&#8221;14px&#8221; header_font_size=&#8221;25px&#8221; header_2_font=&#8221;|600|||||||&#8221; header_2_font_size=&#8221;20px&#8221; header_2_line_height=&#8221;2em&#8221; hover_enabled=&#8221;0&#8243; global_colors_info=&#8221;{}&#8221; sticky_enabled=&#8221;0&#8243;]<\/p>\n<div class=\"col-12 col-xl-8 offset-xl-2\"><\/div>\n<p><strong>Privacy Policy<\/strong><\/p>\n<p><strong>Ochrana dat<\/strong><\/p>\n<p>Zaji\u0161t\u011bn\u00ed souladu s platn\u00fdmi p\u0159edpisy t\u00fdkaj\u00edc\u00edmi se ochrany osobn\u00edch \u00fadaj\u016f, tento dokument p\u0159edstavuje pr\u00e1vn\u00ed prohl\u00e1\u0161en\u00ed o pou\u017e\u00edv\u00e1n\u00ed na\u0161eho webov\u00e9ho s\u00eddla a d\u016fv\u011brn\u00e9m zpracov\u00e1n\u00ed osobn\u00edch \u00fadaj\u016f W.E.C. Commercial Brokerage s.r.o.<\/p>\n<p>Upozor\u0148ujeme, \u017ee tato prohl\u00e1\u0161en\u00ed o ochran\u011b \u00fadaj\u016f se vztahuj\u00ed v\u00fdhradn\u011b na pou\u017e\u00edv\u00e1n\u00ed webov\u00e9ho s\u00eddla W.E.C. Commercial Brokerage s.r.o. Pokud p\u0159istoup\u00edte k jin\u00e9mu webov\u00e9mu s\u00eddlu pomoc\u00ed hypertextov\u00e9ho odkazu, doporu\u010dujeme v\u00e1m, abyste pe\u010dliv\u011b p\u0159e\u010detli p\u0159\u00edslu\u0161n\u00e9 prohl\u00e1\u0161en\u00ed o ochran\u011b \u00fadaj\u016f p\u0159ed t\u00edm, ne\u017e budete sd\u00edlet nebo p\u0159en\u00e1\u0161et osobn\u00ed \u00fadaje.<\/p>\n<p>Toto prohl\u00e1\u0161en\u00ed o ochran\u011b \u00fadaj\u016f poskytuje informace o zp\u016fsobech zpracov\u00e1n\u00ed osobn\u00edch \u00fadaj\u016f, v\u010detn\u011b jejich pou\u017eit\u00ed a p\u0159\u00edpadn\u00e9ho p\u0159ed\u00e1v\u00e1n\u00ed t\u0159et\u00edm stran\u00e1m. U\u017eivatel\u00e9 budou informov\u00e1ni o typech dat zpracov\u00e1van\u00fdch p\u0159i pou\u017e\u00edv\u00e1n\u00ed na\u0161eho webov\u00e9ho s\u00eddla. \"Zpracov\u00e1n\u00ed\" se t\u00fdk\u00e1 v\u0161ech operac\u00ed prov\u00e1d\u011bn\u00fdch s osobn\u00edmi \u00fadaji, v\u010detn\u011b jejich sb\u011bru, uchov\u00e1v\u00e1n\u00ed, pou\u017e\u00edv\u00e1n\u00ed, zpracov\u00e1n\u00ed, sd\u00edlen\u00ed, archivace nebo zni\u010den\u00ed.<\/p>\n<p><strong>Vlastn\u00edk sb\u011bru a zad\u00e1v\u00e1n\u00ed dat.<\/strong><\/p>\n<p>Vlastn\u00edkem sb\u011bru a zad\u00e1v\u00e1n\u00ed dat je W.E.C. Commercial Brokerage s.r.o. (viz kontaktn\u00ed \u00fadaje v impressu).<\/p>\n<p>Va\u0161e osobn\u00ed \u00fadaje (jm\u00e9no, adresa, datum narozen\u00ed, pohlav\u00ed, telefonn\u00ed \u010d\u00edslo, e-mailov\u00e1 adresa atd.) a informace t\u00fdkaj\u00edc\u00ed se n\u00e1kupu\/prodeje nebo zprost\u0159edkov\u00e1n\u00ed nemovitost\u00ed jsou shroma\u017e\u010fov\u00e1ny, pokud n\u00e1m je poskytnete, bu\u010f nav\u0161t\u00edven\u00edm na\u0161eho webov\u00e9ho s\u00eddla, pou\u017eit\u00edm kontaktn\u00edho formul\u00e1\u0159e, e-mailem, p\u0159ihl\u00e1\u0161en\u00edm k odb\u011bru bulletinu nebo jin\u00fdmi zp\u016fsoby.<\/p>\n<p>N\u011bkter\u00e1 data jsou tak\u00e9 automaticky shroma\u017e\u010fov\u00e1na na\u0161imi syst\u00e9my a po\u010d\u00edta\u010dov\u00fdmi programy p\u0159i n\u00e1v\u0161t\u011bv\u011b na\u0161eho webov\u00e9ho s\u00eddla. Jedn\u00e1 se p\u0159edev\u0161\u00edm o technick\u00e1 data (nap\u0159. internetov\u00fd prohl\u00ed\u017ee\u010d, opera\u010dn\u00ed syst\u00e9m, datum a \u010das zobrazen\u00ed str\u00e1nky, IP adresa, nav\u0161t\u00edven\u00e9 str\u00e1nky atd.). Shroma\u017e\u010fov\u00e1n\u00ed t\u011bchto dat m\u016f\u017ee prob\u00edhat automaticky p\u0159i n\u00e1v\u0161t\u011bv\u011b na\u0161eho webov\u00e9ho s\u00eddla.<\/p>\n<p><strong>Rozsah a \u00fa\u010del zpracov\u00e1n\u00ed \u00fadaj\u016f <\/strong><\/p>\n<p>Abychom zajistili va\u0161i bezpe\u010dnost a ochranu va\u0161ich \u00fadaj\u016f, zavazujeme se k co nejmen\u0161\u00edmu shroma\u017e\u010fov\u00e1n\u00ed osobn\u00edch \u00fadaj\u016f a pe\u010dliv\u00e9mu a bezpe\u010dn\u00e9mu nakl\u00e1d\u00e1n\u00ed s nimi.\nOdes\u00edlatel ka\u017ed\u00e9 komunikace na toto webov\u00e9 s\u00eddlo nebo na W.E.C. Commercial Brokerage s.r.o. (e-mailem, kontaktn\u00edm formul\u00e1\u0159em atd.) je pln\u011b odpov\u011bdn\u00fd za obsah a informace v n\u011bm obsa\u017een\u00e9, v\u010detn\u011b jejich spr\u00e1vnosti a p\u0159esnosti.<\/p>\n<p><strong>Pou\u017eit\u00ed soubor\u016f cookies <\/strong><\/p>\n<p>Soubory cookies jsou textov\u00e9\/informa\u010dn\u00ed soubory, kter\u00e9 jsou p\u0159en\u00e1\u0161eny z webov\u00e9ho serveru do va\u0161eho prohl\u00ed\u017ee\u010de p\u0159i n\u00e1v\u0161t\u011bv\u011b na\u0161eho webov\u00e9ho s\u00eddla a jsou ulo\u017eeny v ur\u010den\u00e9m adres\u00e1\u0159i na va\u0161em syst\u00e9mu. Do\u010dasn\u00e9 soubory cookies jsou automaticky smaz\u00e1ny po ukon\u010den\u00ed relace prohl\u00ed\u017ee\u010de. Trval\u00e9 soubory cookies z\u016fst\u00e1vaj\u00ed ulo\u017eeny do doby, ne\u017e uplyne naprogramovan\u00fd \u010das (n\u011bkdy po n\u011bkolik let). Soubory cookies nezp\u016fsobuj\u00ed po\u0161kozen\u00ed pevn\u00e9ho disku ani nep\u0159en\u00e1\u0161ej\u00ed osobn\u00ed \u00fadaje u\u017eivatele. P\u0159i pou\u017eit\u00ed extern\u00edho za\u0159\u00edzen\u00ed (po\u010d\u00edta\u010d, tablet, smartphone atd.) je doporu\u010deno smaz\u00e1n\u00ed cookies a historie prohl\u00ed\u017ee\u010de.<\/p>\n<p>M\u016f\u017eeme pou\u017e\u00edvat soubory cookies k usnadn\u011bn\u00ed pou\u017e\u00edv\u00e1n\u00ed webov\u00e9ho s\u00eddla a slu\u017eeb a k z\u00edsk\u00e1n\u00ed informac\u00ed pro optimalizaci na\u0161\u00ed digit\u00e1ln\u00ed p\u0159\u00edtomnosti.<\/p>\n<p>P\u0159i vhodn\u00e9m nastaven\u00ed prohl\u00ed\u017ee\u010de m\u00e1 u\u017eivatel kdykoli mo\u017enost obecn\u011b zabr\u00e1nit p\u0159ij\u00edm\u00e1n\u00ed cookies nebo zajistit, aby byla v\u017edy zobrazena zpr\u00e1va, kdy\u017e jsou p\u0159ij\u00edm\u00e1ny nov\u00e9 cookies. Je mo\u017en\u00e9 pou\u017e\u00edvat na\u0161e webov\u00e9 s\u00eddlo bez p\u0159ijet\u00ed cookies, ale n\u011bkter\u00e9 funkce mohou b\u00fdt omezeny.<\/p>\n<p><strong>Zve\u0159ej\u0148ov\u00e1n\u00ed va\u0161ich \u00fadaj\u016f t\u0159et\u00edm stran\u00e1m <\/strong><\/p>\n<p>Va\u0161e soukrom\u00ed je pro n\u00e1s d\u016fle\u017eit\u00e9. Chceme potvrdit, \u017ee va\u0161e osobn\u00ed \u00fadaje nebudou \u017e\u00e1dn\u00fdm zp\u016fsobem poskytnuty t\u0159et\u00edm stran\u00e1m bez va\u0161eho v\u00fdslovn\u00e9ho souhlasu. Zavazujeme se zach\u00e1zet s va\u0161imi osobn\u00edmi \u00fadaji d\u016fv\u011brn\u011b a p\u0159ijmout opat\u0159en\u00ed k zaji\u0161t\u011bn\u00ed bezpe\u010dnosti va\u0161ich informac\u00ed. Va\u0161e d\u016fv\u011bra je pro n\u00e1s z\u00e1sadn\u00ed a zavazujeme se chr\u00e1nit va\u0161e soukrom\u00ed kdykoliv.<\/p>\n<p><strong>Bezpe\u010dnost dat <\/strong><\/p>\n<p>P\u0159ij\u00edm\u00e1me vhodn\u00e1 organiza\u010dn\u00ed a technick\u00e1 opat\u0159en\u00ed k ochran\u011b va\u0161ich osobn\u00edch \u00fadaj\u016f p\u0159ed ztr\u00e1tou, zni\u010den\u00edm, manipulac\u00ed a neopr\u00e1vn\u011bn\u00fdm p\u0159\u00edstupem. Sna\u017e\u00edme se udr\u017eovat na\u0161e bezpe\u010dnostn\u00ed opat\u0159en\u00ed neust\u00e1le v souladu s technick\u00fdmi v\u00fdvojem. Nicm\u00e9n\u011b nezodpov\u00edd\u00e1me za ztr\u00e1tu dat nebo neopr\u00e1vn\u011bn\u00fd p\u0159\u00edstup a zpracov\u00e1n\u00ed t\u0159et\u00edmi stranami.<\/p>\n<p>V p\u0159\u00edpad\u011b poru\u0161en\u00ed ochrany va\u0161ich osobn\u00edch \u00fadaj\u016f, kter\u00e9 m\u016f\u017ee p\u0159edstavovat vysok\u00e9 riziko pro va\u0161e pr\u00e1va a osobn\u00ed svobody, v\u00e1s o takov\u00e9m poru\u0161en\u00ed informujeme.<\/p>\n<p><strong>Uchov\u00e1v\u00e1n\u00ed dat <\/strong><\/p>\n<p>Va\u0161e osobn\u00ed \u00fadaje budou uchov\u00e1ny v souladu s platn\u00fdm pr\u00e1vn\u00edm \u0159\u00e1dem po dobu, kterou budeme pova\u017eovat za nezbytnou nebo vhodnou, nebo po dobu, kterou bude zapot\u0159eb\u00ed k dosa\u017een\u00ed uveden\u00fdch c\u00edl\u016f v t\u00e9to z\u00e1sad\u011b ochrany soukrom\u00ed. Jakmile va\u0161e osobn\u00ed \u00fadaje nebudou ji\u017e pot\u0159ebn\u00e9 nebo uplynut\u00e9 obdob\u00ed uchov\u00e1v\u00e1n\u00ed stanoven\u00e9 z\u00e1konem, budou od n\u00e1s smaz\u00e1ny.<\/p>\n<p><strong>Va\u0161e pr\u00e1va jako subjektu \u00fadaj\u016f <\/strong><\/p>\n<p>Jako subjekt \u00fadaj\u016f m\u00e1te pr\u00e1vo po\u017eadovat informace o tom, zda a jak\u00e9 osobn\u00ed \u00fadaje zpracov\u00e1vaj\u00ed t\u0159et\u00ed strany, kter\u00e9 jsme k tomu pov\u011b\u0159ili, a m\u016f\u017eete po\u017eadovat jejich vr\u00e1cen\u00ed nebo p\u0159enositelnost \u00fadaj\u016f. Krom\u011b toho ka\u017ed\u00fd subjekt \u00fadaj\u016f m\u016f\u017ee po\u017eadovat opravu, omezen\u00ed nebo dopln\u011bn\u00ed sv\u00fdch \u00fadaj\u016f. Nakonec m\u016f\u017eete nam\u00edtnout proti shroma\u017e\u010fov\u00e1n\u00ed a zpracov\u00e1n\u00ed sv\u00fdch osobn\u00edch \u00fadaj\u016f, po\u017eadovat jejich vymaz\u00e1n\u00ed a v p\u0159\u00edpad\u011b st\u00ed\u017enosti kontaktovat p\u0159\u00edslu\u0161n\u00fd dozorov\u00fd org\u00e1n.<\/p>\n<p><strong>Prohl\u00e1\u0161en\u00ed o souhlasu <\/strong><\/p>\n<p>Pou\u017eit\u00edm na\u0161eho webov\u00e9ho s\u00eddla nebo odesl\u00e1n\u00edm sv\u00fdch osobn\u00edch \u00fadaj\u016f elektronicky (e-mailem, kontaktn\u00edm formul\u00e1\u0159em atd.) souhlas\u00edte se z\u00e1sadami ochrany osobn\u00edch \u00fadaj\u016f spole\u010dnosti W.E.C. Commercial Brokerage s.r.o. a v\u00fdslovn\u011b souhlas\u00edte se shroma\u017e\u010fov\u00e1n\u00edm a zpracov\u00e1n\u00edm va\u0161ich osobn\u00edch \u00fadaj\u016f.<\/p>\n<p><strong>Zm\u011bna z\u00e1sad ochrany soukrom\u00ed <\/strong><\/p>\n<p>Spole\u010dnost W.E.C. Commercial Brokerage s.r.o. si vyhrazuje pr\u00e1vo kdykoliv a bez upozorn\u011bn\u00ed zm\u011bnit tuto z\u00e1sadu ochrany \u00fadaj\u016f. Zm\u011bny budou zve\u0159ejn\u011bny na webov\u00fdch str\u00e1nk\u00e1ch a nab\u00fdvaj\u00ed \u00fa\u010dinnosti od tohoto okam\u017eiku (datum zve\u0159ejn\u011bn\u00ed).<\/p>\n<p><strong>Kontakt <\/strong><\/p>\n<p>Spole\u010dnost W.E.C. Commercial Brokerage s.r.o. r\u00e1da odpov\u00ed na jak\u00e9koli ot\u00e1zky ohledn\u011b z\u00e1sad ochrany soukrom\u00ed nebo t\u00fdkaj\u00edc\u00ed se pr\u00e1v k ochran\u011b \u00fadaj\u016f (viz kontaktn\u00ed \u00fadaje v impressu).<\/p>\n<p>[\/et_pb_text][\/et_pb_column][\/et_pb_row][\/et_pb_section]<\/p>","protected":false},"excerpt":{"rendered":"<p>Privacy Policy Data Protection In compliance with current regulations on the protection of personal data, this document constitutes a legal statement regarding the use of our website and the confidential processing of personal data by W.E.C. Commercial Brokerage s.r.o. Please note that this data protection statement applies exclusively to the use of the W.E.C. Commercial [&hellip;]<\/p>","protected":false},"author":1,"featured_media":0,"parent":0,"menu_order":0,"comment_status":"closed","ping_status":"closed","template":"","meta":{"_et_pb_use_builder":"on","_et_pb_old_content":"","_et_gb_content_width":"","footnotes":""},"class_list":["post-100286","page","type-page","status-publish","hentry"],"_links":{"self":[{"href":"https:\/\/wecsro.com\/cs\/wp-json\/wp\/v2\/pages\/100286"}],"collection":[{"href":"https:\/\/wecsro.com\/cs\/wp-json\/wp\/v2\/pages"}],"about":[{"href":"https:\/\/wecsro.com\/cs\/wp-json\/wp\/v2\/types\/page"}],"author":[{"embeddable":true,"href":"https:\/\/wecsro.com\/cs\/wp-json\/wp\/v2\/users\/1"}],"replies":[{"embeddable":true,"href":"https:\/\/wecsro.com\/cs\/wp-json\/wp\/v2\/comments?post=100286"}],"version-history":[{"count":8,"href":"https:\/\/wecsro.com\/cs\/wp-json\/wp\/v2\/pages\/100286\/revisions"}],"predecessor-version":[{"id":100369,"href":"https:\/\/wecsro.com\/cs\/wp-json\/wp\/v2\/pages\/100286\/revisions\/100369"}],"wp:attachment":[{"href":"https:\/\/wecsro.com\/cs\/wp-json\/wp\/v2\/media?parent=100286"}],"curies":[{"name":"wp","href":"https:\/\/api.w.org\/{rel}","templated":true}]}}