{"id":100198,"date":"2023-06-02T14:19:03","date_gmt":"2023-06-02T14:19:03","guid":{"rendered":"https:\/\/wecsro.com\/?page_id=100198"},"modified":"2024-05-13T01:40:23","modified_gmt":"2024-05-13T01:40:23","slug":"impressum","status":"publish","type":"page","link":"https:\/\/wecsro.com\/cs\/impressum\/","title":{"rendered":"Impressum"},"content":{"rendered":"<p>[et_pb_section fb_built=&#8221;1&#8243; _builder_version=&#8221;4.21.0&#8243; _module_preset=&#8221;default&#8221; global_colors_info=&#8221;{}&#8221;][et_pb_row _builder_version=&#8221;4.21.0&#8243; _module_preset=&#8221;default&#8221; global_colors_info=&#8221;{}&#8221;][et_pb_column type=&#8221;4_4&#8243; _builder_version=&#8221;4.21.0&#8243; _module_preset=&#8221;default&#8221; global_colors_info=&#8221;{}&#8221;][et_pb_text _builder_version=&#8221;4.21.0&#8243; _dynamic_attributes=&#8221;content&#8221; _module_preset=&#8221;default&#8221; text_font=&#8221;|700|||||||&#8221; text_font_size=&#8221;22px&#8221; global_colors_info=&#8221;{}&#8221;]@ET-DC@eyJkeW5hbWljIjp0cnVlLCJjb250ZW50IjoicG9zdF90aXRsZSIsInNldHRpbmdzIjp7ImJlZm9yZSI6IiIsImFmdGVyIjoiIn19@[\/et_pb_text][\/et_pb_column][\/et_pb_row][et_pb_row _builder_version=&#8221;4.21.0&#8243; _module_preset=&#8221;default&#8221; module_alignment=&#8221;center&#8221; global_colors_info=&#8221;{}&#8221;][et_pb_column type=&#8221;4_4&#8243; _builder_version=&#8221;4.21.0&#8243; _module_preset=&#8221;default&#8221; global_colors_info=&#8221;{}&#8221;][et_pb_text _builder_version=&#8221;4.25.1&#8243; _module_preset=&#8221;default&#8221; text_font_size=&#8221;14px&#8221; width=&#8221;100%&#8221; global_colors_info=&#8221;{}&#8221;]<\/p>\n<p>Pr\u00e1vn\u00ed informace<\/p>\n<p>W.E.C. Commercial Brokerage s.r.o.<br \/>n\u00e1m\u011bst\u00ed Brat\u0159\u00ed Synk\u016f 447\/10<br \/>Praha 4 &#8211; Nusle<br \/>140 00 Praha 4<\/p>\n<p>Identifika\u010dn\u00ed \u010d\u00edslo dan\u011b: CZ 05418411<br \/>Registrov\u00e1no u Obchodn\u00edho rejst\u0159\u00edku u Cast Praha 4<br \/>Datum registrace: 22. z\u00e1\u0159\u00ed 2016<br \/>Registra\u010dn\u00ed \u010d\u00edslo: 05418411<\/p>\n<p>Kontakty:<\/p>\n<p>Email: info@wecsro.eu<\/p>\n<p>Odm\u00edtnut\u00ed odpov\u011bdnosti:<\/p>\n<p>Obsah tohoto webov\u00e9ho s\u00eddla byl vytvo\u0159en s nejvy\u0161\u0161\u00ed p\u00e9\u010d\u00ed a d\u016fkladnost\u00ed. Nicm\u00e9n\u011b nem\u016f\u017eeme zaru\u010dit p\u0159esnost, \u00faplnost nebo aktu\u00e1lnost obsahu. Jako poskytovatel slu\u017eeb jsme odpov\u011bdni za obsah na\u0161eho webov\u00e9ho s\u00eddla v souladu s obecn\u00fdmi z\u00e1kony. Nejsme povinni monitorovat p\u0159en\u00e1\u0161en\u00e9 nebo ulo\u017een\u00e9 extern\u00ed informace ani vy\u0161et\u0159ovat okolnosti nazna\u010duj\u00edc\u00ed neleg\u00e1ln\u00ed \u010dinnost. Odpov\u011bdnost za odstran\u011bn\u00ed nebo blokov\u00e1n\u00ed pou\u017e\u00edv\u00e1n\u00ed informac\u00ed v souladu s obecn\u00fdmi z\u00e1kony z\u016fst\u00e1v\u00e1 nedot\u010dena. Odpov\u011bdnost v t\u00e9to oblasti je mo\u017en\u00e1 pouze od data zji\u0161t\u011bn\u00ed konkr\u00e9tn\u00edho poru\u0161en\u00ed. Po ozn\u00e1men\u00ed poru\u0161en\u00ed okam\u017eit\u011b odstran\u00edme takov\u00fd obsah.<\/p>\n<p>Omezen\u00ed odpov\u011bdnosti za extern\u00ed odkazy:<\/p>\n<p>Toto webov\u00e9 s\u00eddlo obsahuje odkazy na webov\u00e1 s\u00eddla t\u0159et\u00edch stran (\"extern\u00ed odkazy\"). Nem\u00e1me \u017e\u00e1dn\u00fd vliv na obsah t\u011bchto webov\u00fdch s\u00eddel a nem\u016f\u017eeme za n\u011b n\u00e9st \u017e\u00e1dnou odpov\u011bdnost. Poskytovatel nebo provozovatel propojen\u00fdch str\u00e1nek je v\u017edy odpov\u011bdn\u00fd za obsah odkaz\u016f. P\u0159i vytv\u00e1\u0159en\u00ed odkaz\u016f byly propojen\u00e9 str\u00e1nky kontrolov\u00e1ny na mo\u017en\u00e9 poru\u0161en\u00ed pr\u00e1va. V dob\u011b vytvo\u0159en\u00ed odkaz\u016f nebyl zji\u0161t\u011bn \u017e\u00e1dn\u00fd neleg\u00e1ln\u00ed obsah. Trval\u00e1 kontrola extern\u00edch odkaz\u016f nen\u00ed rozumn\u00e1 bez konkr\u00e9tn\u00edch d\u016fkaz\u016f o poru\u0161en\u00ed. Po ozn\u00e1men\u00ed poru\u0161en\u00ed takov\u00e9 odkazy okam\u017eit\u011b odstran\u00edme.<\/p>\n<p>Autorsk\u00e1 pr\u00e1va:<\/p>\n<p>Obsah a pr\u00e1ce prezentovan\u00e9 na tomto webov\u00e9m s\u00eddle podl\u00e9haj\u00ed \u0161v\u00fdcarsk\u00e9mu autorsk\u00e9mu pr\u00e1vu. Reprodukce, zpracov\u00e1n\u00ed, distribuce a jak\u00e9koliv pou\u017eit\u00ed nad r\u00e1mec autorsk\u00e9ho pr\u00e1va vy\u017eaduje p\u00edsemn\u00fd souhlas p\u0159\u00edslu\u0161n\u00e9ho autora nebo tv\u016frce. Sta\u017een\u00ed a kop\u00edrov\u00e1n\u00ed t\u00e9to str\u00e1nky jsou povoleny pouze pro soukrom\u00e9, nekomer\u010dn\u00ed pou\u017eit\u00ed. Pokud obsah tohoto webov\u00e9ho s\u00eddla nebyl vytvo\u0159en provozovatelem, budou respektov\u00e1ny autorsk\u00e1 pr\u00e1va t\u0159et\u00edch stran. Obsah t\u0159et\u00edch stran bude ozna\u010den jako takov\u00fd. Pokud zjist\u00edte poru\u0161en\u00ed autorsk\u00fdch pr\u00e1v, informujte n\u00e1s pros\u00edm. Po ozn\u00e1men\u00ed poru\u0161en\u00ed takov\u00fd obsah okam\u017eit\u011b odstran\u00edme.<\/p>\n<p>Pro dal\u0161\u00ed informace o na\u0161ich slu\u017eb\u00e1ch a politik\u00e1ch n\u00e1s kontaktujte na v\u00fd\u0161e uvedenou emailovou adresu.<\/p>\n<p>CEO Bianchi, Luigi Paolo<br \/>W.E.C. Commercial Brokerage s.r.o.<\/p>\n<p>[\/et_pb_text][\/et_pb_column][\/et_pb_row][\/et_pb_section]<\/p>","protected":false},"excerpt":{"rendered":"<p>Legal Information W.E.C. Commercial Brokerage s.r.o.n\u00e1m\u011bst\u00ed Brat\u0159\u00ed Synk\u016f 447\/10Praha 4 &#8211; Nusle140 00 Praha 4 Tax Identification Number (UID): CZ 05418411Registered at the Commercial Registry Office of Cast Praha 4Registration Date: September 22, 2016Registration Number: 05418411 Contacts: Email: info@wecsro.eu Disclaimer: The content of this website has been created with the utmost care and diligence. However, [&hellip;]<\/p>","protected":false},"author":1,"featured_media":0,"parent":0,"menu_order":0,"comment_status":"closed","ping_status":"closed","template":"","meta":{"_et_pb_use_builder":"on","_et_pb_old_content":"","_et_gb_content_width":"","footnotes":""},"class_list":["post-100198","page","type-page","status-publish","hentry"],"_links":{"self":[{"href":"https:\/\/wecsro.com\/cs\/wp-json\/wp\/v2\/pages\/100198"}],"collection":[{"href":"https:\/\/wecsro.com\/cs\/wp-json\/wp\/v2\/pages"}],"about":[{"href":"https:\/\/wecsro.com\/cs\/wp-json\/wp\/v2\/types\/page"}],"author":[{"embeddable":true,"href":"https:\/\/wecsro.com\/cs\/wp-json\/wp\/v2\/users\/1"}],"replies":[{"embeddable":true,"href":"https:\/\/wecsro.com\/cs\/wp-json\/wp\/v2\/comments?post=100198"}],"version-history":[{"count":11,"href":"https:\/\/wecsro.com\/cs\/wp-json\/wp\/v2\/pages\/100198\/revisions"}],"predecessor-version":[{"id":100372,"href":"https:\/\/wecsro.com\/cs\/wp-json\/wp\/v2\/pages\/100198\/revisions\/100372"}],"wp:attachment":[{"href":"https:\/\/wecsro.com\/cs\/wp-json\/wp\/v2\/media?parent=100198"}],"curies":[{"name":"wp","href":"https:\/\/api.w.org\/{rel}","templated":true}]}}